{"id":3255,"date":"2023-10-23T13:29:52","date_gmt":"2023-10-23T13:29:52","guid":{"rendered":"https:\/\/www.nashira.es\/aviso-legal\/"},"modified":"2024-04-04T10:37:09","modified_gmt":"2024-04-04T10:37:09","slug":"legal-notice","status":"publish","type":"page","link":"https:\/\/www.nashira.es\/en\/legal-notice\/","title":{"rendered":"Legal notice"},"content":{"rendered":"<p><strong>1. IDENTIFICACI\u00d3N DE DATOS<\/strong><br \/>\nBienvenidos a la p\u00e1gina Web de Nashira.<br \/>\nEl hecho de acceder a este Website implica el conocimiento y aceptaci\u00f3n de los siguientes t\u00e9rminos y condiciones.<\/p>\n<p><strong>2. RAZ\u00d3N SOCIAL<\/strong><br \/>\nNashira, tiene reconocida la condici\u00f3n de Agencia de Viajes minorista, siendo poseedora del T\u00edtulo-Licencia correspondiente con n\u00famero NA-086, cuyo objeto es el ejercicio profesional y comercialmente de actividades de organizaci\u00f3n de servicios tur\u00edsticos. Al acceder al Sitio Web y\/o a cualquiera de las p\u00e1ginas a las que a trav\u00e9s del mismo se pueda conocer, el usuario declara expresamente que ha le\u00eddo, entiende y acepta la &#8220;pol\u00edtica de privacidad&#8221; y el &#8220;Aviso Legal&#8221; de este Sitio Web. En caso de que no est\u00e9 de acuerdo con los t\u00e9rminos y condiciones descritas en la \u201cPol\u00edtica de Privacidad&#8221; y el &#8220;Aviso Legal&#8221; le rogamos se abstenga de utilizar este Sitio Web.<\/p>\n<p><strong>3. ACCESO AL SITIO WEB<\/strong><br \/>\nCuando sea necesario que el Usuario se registre o aporte datos personales para poder acceder a alguno de los servicios espec\u00edficos, la recogida, el tratamiento y, en su caso, la cesi\u00f3n o el acceso de los datos personales de los Usuarios ser\u00e1 de aplicaci\u00f3n lo dispuesto en el apartado \u201cProtecci\u00f3n de Datos\u201d que encontrar\u00e1n en la pol\u00edtica de privacidad de esta Web. El usuario que introduce los datos, es el responsable \u00fanico y final de la veracidad de la informaci\u00f3n suministrada en el servicio y en las modificaciones de los mismos que pueda realizar hasta la finalizaci\u00f3n del mismo. Dichos datos ser\u00e1n tratados conforme a lo descrito en la &#8220;Pol\u00edtica de Privacidad&#8221; de este Sitio Web y siempre respetando la legislaci\u00f3n vigente en cada momento en materia de datos de car\u00e1cter personal y servicios de la sociedad de la informaci\u00f3n. Cualquier usuario podr\u00e1 en cualquier momento ejercer los derechos de acceso, rectificaci\u00f3n y cancelaci\u00f3n de sus datos personales a trav\u00e9s del procedimiento establecido al efecto en la &#8220;Pol\u00edtica de Privacidad&#8221;. En cualquier momento,Nashira, realizar\u00e1 estudios de su Website, por lo que tomar\u00e1 de los usuarios informaci\u00f3n acerca del dominio, navegador, fecha, hora, tiempo de conexi\u00f3n a la Web, las palabras que utilizaron para llegar a la Web u otros datos que sean de inter\u00e9s y sirvan para poder realizar un estudio exacto y completo sobre las visitas realizadas al presente Website.<\/p>\n<p><strong>4. SOBRE EL USO DE COOKIES.<\/strong><br \/>\nEn cumplimiento con lo establecido en el art\u00edculo 22.2 de la Ley de Servicios de la Sociedad de la Informaci\u00f3n y de Comercio Electr\u00f3nico y en adecuaci\u00f3n con la Directiva Europea 2009\/136\/CE, Viajes Nashira le informa que este Sitio Web acepta el uso de cookies. Las cookies son ficheros enviados a su navegador por medio de un servidor Web con la finalidad de registrar las actividades del usuario durante su tiempo de navegaci\u00f3n. Las cookies utilizadas por el sitio Web, se asocian \u00fanicamente con un usuario an\u00f3nimo y su ordenador, y no proporcionan por si mismas los datos personales del usuario. Mediante el uso de cookies resultaposible que el servidor donde se encuentra la Web, reconozca el navegador Web utilizado por el usuario con la finalidad de que la navegaci\u00f3n sea mas sencilla, permitiendo, por ejemplo, el acceso a los usuarios que se hayan registrado plenamente, acceder a las \u00e1reas, servicios, promociones, etc. Las cookies utilizadas en este sitio Web tienen, en todo caso, car\u00e1cter temporal con la \u00fanica finalidad de hacer m\u00e1s eficaz su transmisi\u00f3n ulterior. En ning\u00fan caso se utilizaran las cookies para recoger informaci\u00f3n de car\u00e1cter personal. Si desea m\u00e1s informaci\u00f3n acerca del uso de cookies y acerca de las pr\u00e1cticas de recopilaci\u00f3n de informaci\u00f3n, deber\u00e1 ponerse en contacto con Nashira.<\/p>\n<p><strong>5. PROPIEDAD INTELECTUAL E INDUSTRIAL<\/strong><br \/>\nEste Website y los contenidos que alberga, se encuentran protegidos por las leyes de Propiedad Intelectual. No podr\u00e1n ser objeto de explotaci\u00f3n, reproducci\u00f3n, distribuci\u00f3n, modificaci\u00f3n, comunicaci\u00f3n p\u00fablica, cesi\u00f3n o transformaci\u00f3n. El acceso a este Website no otorga a los usuarios derecho, ni titularidad alguna sobre los derechos de propiedad intelectual de los contenidos que alberga este Website. Nashira retiene todos los derechos de propiedad industrial e intelectual incluyendo el software. Si el usuario transfiere software de este Website a su terminal, no podr\u00e1 diseccionarlo para su estudio, o descompilarlo, traducir la versi\u00f3n del c\u00f3digo objeto original o su lenguaje a otro c\u00f3digo o lenguaje. El nombre comercial, las marcas, logos, productos y servicios que contiene este Website se encuentran protegidos por ley. Nashira se reserva la posibilidad de ejercer las acciones judiciales que correspondan contra los usuarios que violen o infrinjan los derechos de propiedad intelectual e industrial.<\/p>\n<p><strong>6. CONTENIDOS FACILITADOS POR LOS USUARIOS EN EL SITIO WEB<\/strong><br \/>\nNashira no asume responsabilidad por el contenido o por cualquier tipo de transmisiones que los Usuarios incluyan en su Sitio Web as\u00ed como entre Usuarios.<br \/>\nLa responsabilidad de las manifestaciones difundidas en el Sitio Web es exclusiva de quienes las realizan.<br \/>\nQueda prohibido cualquier tipo de transmisi\u00f3n de datos que los Usuarios realicen en el Sitio Web u otros accesos controlados por Nashira que infrinjan las pr\u00e1cticas contrarias a la buena fe, a las costumbres, a la moral o al orden p\u00fablico; que infrinjan los derechos de propiedad de terceros, los de contenido amenazante, difamatorio, obsceno, pornogr\u00e1fico, racista, xen\u00f3fobo, indecentes, irreverente, ilegales; que impliquen una apolog\u00eda del terrorismo; que atenten contra los derechos humanos, o la transmisi\u00f3n de cualquier otro material que constituya o incite a una conducta que pueda ser considerada una infracci\u00f3n penal.<br \/>\nQueda prohibido anunciar u ofrecer en venta cualquier tipo de bienes o servicios, ni llevar a cabo encuestas o concursos, ni enviar mensajes solicitando su reenv\u00edo en cadena.<br \/>\nNashira, por norma general, no revisa, ni filtra, ni aprueba el contenido de los Usuarios. No obstante lo anterior, Nashira se reserva el derecho a retirar cualquier contenido facilitado por el Usuario que sea contrario a las Condiciones Generales, as\u00ed como a impedir o prohibir su acceso al Sitio Web, todo ello a su sola discreci\u00f3n, sin previo aviso y sin que el Usuario tenga derecho a indemnizaci\u00f3n alguna. Si el Usuario creyera, en alg\u00fan momento, que los contenidos de otro Usuario nocumplen con las Condiciones Generales, puede notificarlo a Nashira por correo electr\u00f3nico info@nashira.es A la recepci\u00f3n de cualquier notificaci\u00f3n de este tipo, Nashira utilizar\u00e1 sus mejores esfuerzos para eliminar de su Sitio Web aquellos contenidos que pudieran vulnerar las Condiciones Generales. Nashira cooperar\u00e1, si es requerida por orden judicial o por las autoridades pertinentes, en la identificaci\u00f3n de las personas responsables de aquellos contenidos que infrinjan la ley. El Usuario autoriza que las im\u00e1genes o contenidos que facilite en el Sitio Web puedan ser utilizados por Nashira en su totalidad o en parte, con car\u00e1cter gratuito. Todo ello con la \u00fanica salvedad y limitaci\u00f3n de aquellas utilizaciones o aplicaciones que pudieran atentar al derecho al honor, a la moral y\/o al orden p\u00fablico, en los t\u00e9rminos previstos en la legislaci\u00f3n vigente en cada pa\u00eds. Nashira se exime de responsabilidad sobre cualquier uso que pueda hacer un tercero de dichos contenidos<\/p>\n<p><strong>7. HIPERV\u00cdNCULOS y LINKS<\/strong><br \/>\nEl Sitio Web puede contener hiperv\u00ednculos con otros sitios Web que no son editados, controlados, mantenidos o supervisados por Nashira, no siendo responsable \u00e9sta por tanto del contenido de dichos sitios Web. El contenido de los mismos es responsabilidad de sus respectivos titulares, y Nashira no garantiza ni aprueba dichos contenidos. La funci\u00f3n de los links que aparecen en esta p\u00e1gina es exclusivamente la de informar al usuario sobre la existencia de otras fuentes de informaci\u00f3n sobre la materia en Internet, donde podr\u00e1 ampliar los datos ofrecidos en este Sitio Web. Nashira no ser\u00e1 en ning\u00fan caso responsable del resultado obtenido a trav\u00e9s de dichos hiperenlaces. Aquellos usuarios que deseen establecer hiperv\u00ednculos al presente Sitio Web deber\u00e1n abstenerse de realizar manifestaciones falsas, inexactas o incorrectas sobre el Sitio Web o su contenido. En ning\u00fan caso se declarar\u00e1 ni se dar\u00e1 a entender que Nashira autoriza el hiperv\u00ednculo, o que supervisa, aprueba o asume de cualquier forma los contenidos o servicios ofrecidos o puestos a disposici\u00f3n en la p\u00e1gina Web en la que se establezca el hiperenlace al Sitio Web. El establecimiento del hiperv\u00ednculo no implica en ning\u00fan caso la existencia de relaci\u00f3n alguna entre Nashira y el titular de la p\u00e1gina Web en la que se establezca el mismo. No se establecer\u00e1n hiperv\u00ednculos al Sitio Web en p\u00e1ginas Web que incluyan informaci\u00f3n o contenidos il\u00edcitos, inmorales o contrarios a las buenas costumbres, al orden p\u00fablico, a los usos aceptados en Internet o que de cualquier forma contravengan derechos de terceros. Los hiperv\u00ednculos que, en su caso, y respetando las exigencias anteriormente expuestas, se establezcan al Sitio Web desde otras p\u00e1ginas Web permitir\u00e1n el acceso al Sitio Web, pero no reproducir\u00e1n su contenido en forma alguna. Queda prohibido crear links por los usuarios en el sitio Web, salvo que se haya solicitado y se haya autorizado por escrito por Nashira.<\/p>\n<p><strong>8. ACTUALIZACIONES<\/strong><br \/>\nNashira no garantiza la total actualizaci\u00f3n, exactitud y\/o disponibilidad en todo momento de los contenidos de su Sitio Web, si bien hace todo lo posible para que as\u00ed sea. A pesar de que Nashira desea prestar a los usuarios a trav\u00e9s del Sitio Web un servicio continuado, el mismo podr\u00eda ser interrumpido por circunstancias de diversa \u00edndole. En tal caso, Nashira intentar\u00eda avisar a sus usuarios con la necesaria antelaci\u00f3n, siempre que ello fuera posible, no responsabiliz\u00e1ndose en ning\u00fan caso de los perjuicios que pueda suponer para el usuario la interrupci\u00f3n del servicio de acceso al presente Sitio Web.<\/p>\n<p><strong>9. NORMATIVA LEGAL Y JURISDICCI\u00d3N APLICABLE<br \/>\n<\/strong>La &#8220;pol\u00edtica de privacidad&#8221; y el presente &#8220;Aviso Legal&#8221; de este Sitio Web, as\u00ed como el resto del contenido del mismo, se han realizado respetando en todo momento la legislaci\u00f3n aplicable en la materia, en especial la Ley Org\u00e1nica 15\/1999, de 13 de Diciembre, de Protecci\u00f3n de Datos de car\u00e1cter personal, el Real Decreto 994\/1999, de 11 de Junio, que aprueba el Reglamento de medidas de seguridad de los ficheros automatizados que contengan datos de car\u00e1cter personal y la Ley 34\/2002, de 11 de julio, de Servicios de la Sociedad de la Informaci\u00f3n y comercio electr\u00f3nico, y podr\u00e1n ser revisados y modificados en cualquier momento al objeto de adaptarse a cualquier modificaci\u00f3n de la legislaci\u00f3n vigente. En dicho caso, el nuevo contenido resultar\u00e1 aplicable desde el momento en que sea publicado en el Sitio Web, resultando accesible para los usuarios del mismo. El uso del Sitio Web, incluyendo el acceso por los usuarios y la navegaci\u00f3n a trav\u00e9s del mismo, es libre y gratuito e implica el cumplimiento de la &#8220;Pol\u00edtica de Privacidad&#8221; y el &#8220;Aviso Legal\u201d de este Sitio Web y de la legislaci\u00f3n espa\u00f1ola aplicable en la materia. Toda controversia o conflicto que pueda surgir como consecuencia del uso del Sitio Web ser\u00e1 resuelto de acuerdo con la legislaci\u00f3n vigente en Espa\u00f1a, someti\u00e9ndose a la jurisdicci\u00f3n y competencia de los Juzgados y Tribunales del domicilio de Nashira, renunciando expresamente a cualquier otro fuero o jurisdicci\u00f3n que en Derecho pudiere corresponder.<\/p>\n","protected":false},"excerpt":{"rendered":"<p>1. IDENTIFICACI\u00d3N DE DATOS Bienvenidos a la p\u00e1gina Web de Nashira. El hecho de acceder a este Website implica el conocimiento y aceptaci\u00f3n de los siguientes t\u00e9rminos y condiciones. 2. RAZ\u00d3N SOCIAL Nashira, tiene reconocida la condici\u00f3n de Agencia de Viajes minorista, siendo poseedora del T\u00edtulo-Licencia correspondiente con n\u00famero NA-086, cuyo objeto es el ejercicio [&hellip;]<\/p>\n","protected":false},"author":1,"featured_media":0,"parent":0,"menu_order":0,"comment_status":"closed","ping_status":"closed","template":"","meta":{"footnotes":""},"class_list":["post-3255","page","type-page","status-publish","hentry"],"acf":[],"_links":{"self":[{"href":"https:\/\/www.nashira.es\/en\/wp-json\/wp\/v2\/pages\/3255","targetHints":{"allow":["GET"]}}],"collection":[{"href":"https:\/\/www.nashira.es\/en\/wp-json\/wp\/v2\/pages"}],"about":[{"href":"https:\/\/www.nashira.es\/en\/wp-json\/wp\/v2\/types\/page"}],"author":[{"embeddable":true,"href":"https:\/\/www.nashira.es\/en\/wp-json\/wp\/v2\/users\/1"}],"replies":[{"embeddable":true,"href":"https:\/\/www.nashira.es\/en\/wp-json\/wp\/v2\/comments?post=3255"}],"version-history":[{"count":1,"href":"https:\/\/www.nashira.es\/en\/wp-json\/wp\/v2\/pages\/3255\/revisions"}],"predecessor-version":[{"id":3256,"href":"https:\/\/www.nashira.es\/en\/wp-json\/wp\/v2\/pages\/3255\/revisions\/3256"}],"wp:attachment":[{"href":"https:\/\/www.nashira.es\/en\/wp-json\/wp\/v2\/media?parent=3255"}],"curies":[{"name":"wp","href":"https:\/\/api.w.org\/{rel}","templated":true}]}}